{"id":21,"date":"2014-08-22T14:48:16","date_gmt":"2014-08-22T13:48:16","guid":{"rendered":"http:\/\/robaye.be\/menuidenis\/?page_id=21"},"modified":"2014-08-23T16:17:58","modified_gmt":"2014-08-23T15:17:58","slug":"a-propos-2","status":"publish","type":"page","link":"https:\/\/www.menuiseriedenis.be\/?page_id=21","title":{"rendered":"A propos"},"content":{"rendered":"<p><span style=\"color: #141823;\">Dipl\u00f4m\u00e9 en menuiserie et \u00e9b\u00e9nisterie \u00e0 Don Bosco Li\u00e8ge + restauration \u00e0 St Laurent, install\u00e9 d\u00e8s ma sortie en tant qu&rsquo;ind\u00e9pendant, ayant touch\u00e9 \u00e0 beaucoup de chose dans le b\u00e2timent, je me permets maintenant d&rsquo;aller au-del\u00e0 de cette formation.<\/span><\/p>\n<p><span style=\"color: #141823;\">Avec l&rsquo;exp\u00e9rience!<\/span><\/p>\n<p><span style=\"color: #141823;\">La plomberie, le carrelage, le raccordement d&rsquo;\u00e9lectro-m\u00e9nager et bien d&rsquo;autres choses font partie de ma profession. C&rsquo;est pour cette raiso<\/span><span class=\"text_exposed_show\" style=\"color: #141823;\">n que les salles de bain ainsi que les cuisines \u00e9quip\u00e9es sont mes favorites, la diversit\u00e9 dans mon m\u00e9tier me donne enti\u00e8re satisfaction. Du ch\u00e2ssis en bois comme en pvc, de la porte int\u00e9rieure \u00e0 la porte de rue, en passant par le volet ou encore la barri\u00e8re, le placard ainsi que l&rsquo;am\u00e9nagement du grenier et j&rsquo;en passe, il y a encore des secrets, mais ils me sont r\u00e9serv\u00e9s \ud83d\ude09<\/span><\/p>\n","protected":false},"excerpt":{"rendered":"<p>Dipl\u00f4m\u00e9 en menuiserie et \u00e9b\u00e9nisterie \u00e0 Don Bosco Li\u00e8ge + restauration \u00e0 St Laurent, install\u00e9 d\u00e8s ma sortie en tant qu&rsquo;ind\u00e9pendant, ayant touch\u00e9 \u00e0 beaucoup de chose dans le b\u00e2timent, je me permets maintenant d&rsquo;aller au-del\u00e0 de cette formation. Avec l&rsquo;exp\u00e9rience! La plomberie, le carrelage, le raccordement d&rsquo;\u00e9lectro-m\u00e9nager et bien d&rsquo;autres choses font partie de [&hellip;]<\/p>\n","protected":false},"author":1,"featured_media":0,"parent":0,"menu_order":0,"comment_status":"open","ping_status":"open","template":"","meta":{"footnotes":""},"class_list":["post-21","page","type-page","status-publish","hentry"],"_links":{"self":[{"href":"https:\/\/www.menuiseriedenis.be\/index.php?rest_route=\/wp\/v2\/pages\/21","targetHints":{"allow":["GET"]}}],"collection":[{"href":"https:\/\/www.menuiseriedenis.be\/index.php?rest_route=\/wp\/v2\/pages"}],"about":[{"href":"https:\/\/www.menuiseriedenis.be\/index.php?rest_route=\/wp\/v2\/types\/page"}],"author":[{"embeddable":true,"href":"https:\/\/www.menuiseriedenis.be\/index.php?rest_route=\/wp\/v2\/users\/1"}],"replies":[{"embeddable":true,"href":"https:\/\/www.menuiseriedenis.be\/index.php?rest_route=%2Fwp%2Fv2%2Fcomments&post=21"}],"version-history":[{"count":4,"href":"https:\/\/www.menuiseriedenis.be\/index.php?rest_route=\/wp\/v2\/pages\/21\/revisions"}],"predecessor-version":[{"id":45,"href":"https:\/\/www.menuiseriedenis.be\/index.php?rest_route=\/wp\/v2\/pages\/21\/revisions\/45"}],"wp:attachment":[{"href":"https:\/\/www.menuiseriedenis.be\/index.php?rest_route=%2Fwp%2Fv2%2Fmedia&parent=21"}],"curies":[{"name":"wp","href":"https:\/\/api.w.org\/{rel}","templated":true}]}}